{"id":31,"date":"2021-01-22T13:30:54","date_gmt":"2021-01-22T13:30:54","guid":{"rendered":"http:\/\/ieboyacapereira.edu.co\/?page_id=31"},"modified":"2026-05-11T22:22:04","modified_gmt":"2026-05-11T22:22:04","slug":"inicio","status":"publish","type":"page","link":"https:\/\/ieboyacapereira.edu.co\/","title":{"rendered":"NOTICIAS BOYAC\u00c1"},"content":{"rendered":"\n<figure class=\"wp-block-image size-large\"><img loading=\"lazy\" decoding=\"async\" width=\"1024\" height=\"1024\" src=\"https:\/\/ieboyacapereira.edu.co\/wp-content\/uploads\/2026\/04\/WhatsApp-Image-2026-04-28-at-10.38.52-AM-1024x1024.jpeg\" alt=\"\" class=\"wp-image-2007\" srcset=\"https:\/\/ieboyacapereira.edu.co\/wp-content\/uploads\/2026\/04\/WhatsApp-Image-2026-04-28-at-10.38.52-AM-1024x1024.jpeg 1024w, https:\/\/ieboyacapereira.edu.co\/wp-content\/uploads\/2026\/04\/WhatsApp-Image-2026-04-28-at-10.38.52-AM-300x300.jpeg 300w, https:\/\/ieboyacapereira.edu.co\/wp-content\/uploads\/2026\/04\/WhatsApp-Image-2026-04-28-at-10.38.52-AM-150x150.jpeg 150w, https:\/\/ieboyacapereira.edu.co\/wp-content\/uploads\/2026\/04\/WhatsApp-Image-2026-04-28-at-10.38.52-AM-768x768.jpeg 768w, https:\/\/ieboyacapereira.edu.co\/wp-content\/uploads\/2026\/04\/WhatsApp-Image-2026-04-28-at-10.38.52-AM-90x90.jpeg 90w, https:\/\/ieboyacapereira.edu.co\/wp-content\/uploads\/2026\/04\/WhatsApp-Image-2026-04-28-at-10.38.52-AM-75x75.jpeg 75w, https:\/\/ieboyacapereira.edu.co\/wp-content\/uploads\/2026\/04\/WhatsApp-Image-2026-04-28-at-10.38.52-AM.jpeg 1080w\" sizes=\"auto, (max-width: 1024px) 100vw, 1024px\" \/><\/figure>\n\n\n<a href=\"https:\/\/ieboyacapereira.edu.co\/wp-content\/uploads\/2026\/01\/Comunicado-1-padres-de-familia.docx.pdf\" class=\"pdfemb-viewer\" style=\"\" data-width=\"max\" data-height=\"max\" data-toolbar=\"bottom\" data-toolbar-fixed=\"off\">Comunicado-1-padres-de-familia.docx<\/a>\n\n<a href=\"https:\/\/ieboyacapereira.edu.co\/wp-content\/uploads\/2026\/01\/Comunicado-2-transporte-escolar.docx.pdf\" class=\"pdfemb-viewer\" style=\"\" data-width=\"max\" data-height=\"max\" data-toolbar=\"bottom\" data-toolbar-fixed=\"off\">Comunicado-2-transporte-escolar.docx<\/a>\n\n\n<figure class=\"wp-block-image size-large\"><img loading=\"lazy\" decoding=\"async\" width=\"682\" height=\"1024\" src=\"https:\/\/ieboyacapereira.edu.co\/wp-content\/uploads\/2026\/01\/bienvenida-ninos-682x1024.jpeg\" alt=\"\" class=\"wp-image-1886\" srcset=\"https:\/\/ieboyacapereira.edu.co\/wp-content\/uploads\/2026\/01\/bienvenida-ninos-682x1024.jpeg 682w, https:\/\/ieboyacapereira.edu.co\/wp-content\/uploads\/2026\/01\/bienvenida-ninos-200x300.jpeg 200w, https:\/\/ieboyacapereira.edu.co\/wp-content\/uploads\/2026\/01\/bienvenida-ninos-768x1152.jpeg 768w, https:\/\/ieboyacapereira.edu.co\/wp-content\/uploads\/2026\/01\/bienvenida-ninos.jpeg 853w\" sizes=\"auto, (max-width: 682px) 100vw, 682px\" \/><\/figure>\n\n\n\n<p>La Direcci\u00f3n de Primera Infancia quiere acompa\u00f1arlos en la organizaci\u00f3n que los establecimientos educativos est\u00e1n haciendo para fortalecer la alianza familia escuela en el 2026. Por ello, invita al primer webinar <em>Compromisos de la alianza familia escuela para el inicio del a\u00f1o escolar en la educaci\u00f3n inicial: Juntos desde el primer d\u00eda<\/em> Hablaremos sobre las pautas para organizar la escuela de padres, madres y cuidadores, la asamblea de padres y madres de ni\u00f1as y ni\u00f1os de la educaci\u00f3n inicial, definir las tem\u00e1ticas de las escuelas y concertar las sanciones pedag\u00f3gicas (compromisos adicionales) que asumir\u00e1n las familias que no asistan.<br>Los esperamos el 28 de enero a las 3:00 p.m Les agradecemos compartir la invitaci\u00f3n con directivos, docentes y familias de educaci\u00f3n inicial.<br>https:\/\/www.youtube.com\/watch?v=4a2P244FAKI<\/p>\n\n\n\n<p>La Direcci\u00f3n de Primera Infancia quiere acompa\u00f1arlos en la organizaci\u00f3n que los establecimientos educativos est\u00e1n haciendo para fortalecer la alianza familia escuela en el 2026. Por ello, invita al primer webinar <em>Compromisos de la alianza familia escuela para el inicio del a\u00f1o escolar en la educaci\u00f3n inicial: Juntos desde el primer d\u00eda<\/em> Hablaremos sobre las pautas para organizar la escuela de padres, madres y cuidadores, la asamblea de padres y madres de ni\u00f1as y ni\u00f1os de la educaci\u00f3n inicial, definir las tem\u00e1ticas de las escuelas y concertar las sanciones pedag\u00f3gicas (compromisos adicionales) que asumir\u00e1n las familias que no asistan.<br>Los esperamos el 28 de enero a las 3:00 p.m Les agradecemos compartir la invitaci\u00f3n con directivos, docentes y familias de educaci\u00f3n inicial.<br>https:\/\/www.youtube.com\/watch?v=4a2P244FAKI <\/p>\n\n\n\n<p><\/p>\n\n\n\n<p><\/p>\n\n\n\n<p>***********************************************************************************************************<\/p>\n\n\n\n<p><\/p>\n\n\n\n<p><\/p>\n\n\n\n<p><\/p>\n\n\n\n<p><\/p>\n\n\n\n<p><\/p>\n\n\n\n<p><\/p>\n\n\n\n<p><\/p>\n","protected":false},"excerpt":{"rendered":"<p>La Direcci\u00f3n de Primera Infancia quiere acompa\u00f1arlos en la organizaci\u00f3n que los establecimientos educativos est\u00e1n haciendo para fortalecer la alianza familia escuela en el 2026. Por ello, invita al primer webinar Compromisos de la alianza familia escuela para el inicio del a\u00f1o escolar en la educaci\u00f3n inicial: Juntos desde el primer d\u00eda Hablaremos sobre las pautas para organizar la escuela<\/p>\n","protected":false},"author":1,"featured_media":0,"parent":0,"menu_order":10,"comment_status":"closed","ping_status":"closed","template":"","meta":{"footnotes":""},"class_list":["post-31","page","type-page","status-publish","hentry"],"_links":{"self":[{"href":"https:\/\/ieboyacapereira.edu.co\/index.php\/wp-json\/wp\/v2\/pages\/31","targetHints":{"allow":["GET"]}}],"collection":[{"href":"https:\/\/ieboyacapereira.edu.co\/index.php\/wp-json\/wp\/v2\/pages"}],"about":[{"href":"https:\/\/ieboyacapereira.edu.co\/index.php\/wp-json\/wp\/v2\/types\/page"}],"author":[{"embeddable":true,"href":"https:\/\/ieboyacapereira.edu.co\/index.php\/wp-json\/wp\/v2\/users\/1"}],"replies":[{"embeddable":true,"href":"https:\/\/ieboyacapereira.edu.co\/index.php\/wp-json\/wp\/v2\/comments?post=31"}],"version-history":[{"count":186,"href":"https:\/\/ieboyacapereira.edu.co\/index.php\/wp-json\/wp\/v2\/pages\/31\/revisions"}],"predecessor-version":[{"id":2067,"href":"https:\/\/ieboyacapereira.edu.co\/index.php\/wp-json\/wp\/v2\/pages\/31\/revisions\/2067"}],"wp:attachment":[{"href":"https:\/\/ieboyacapereira.edu.co\/index.php\/wp-json\/wp\/v2\/media?parent=31"}],"curies":[{"name":"wp","href":"https:\/\/api.w.org\/{rel}","templated":true}]}}