{"id":319,"date":"2021-10-08T13:49:11","date_gmt":"2021-10-08T13:49:11","guid":{"rendered":"http:\/\/ieboyacapereira.edu.co\/?page_id=319"},"modified":"2026-04-21T02:20:38","modified_gmt":"2026-04-21T02:20:38","slug":"sistehttps-sites-google-com-view-objetivos-y-definiciones-inicioma-institucional-de-evaluacion","status":"publish","type":"page","link":"https:\/\/ieboyacapereira.edu.co\/index.php\/sistehttps-sites-google-com-view-objetivos-y-definiciones-inicioma-institucional-de-evaluacion\/","title":{"rendered":"SISTEMA INSTITUCIONAL DE EVALUACI\u00d3N"},"content":{"rendered":"\nLuego de la evaluaci\u00f3n institucional y talleres de trabajo con Docentes y estudiantes para resignificar el PEI durante el a\u00f1o 2024, se realizaron ajustes al SIEE en el a\u00f1o 2025 y contamos con una versi\u00f3n ajustada y corregida para el a\u00f1o 2026.\n\n\n\n<p><strong>SIEE 2026 &#8211; DESCARGAR<\/strong><\/p>\n\n\n\n<div data-wp-interactive=\"core\/file\" class=\"wp-block-file\"><object data-wp-bind--hidden=\"!state.hasPdfPreview\" hidden class=\"wp-block-file__embed\" data=\"https:\/\/ieboyacapereira.edu.co\/wp-content\/uploads\/2026\/03\/SIEE-2026-web_compressed.pdf\" type=\"application\/pdf\" style=\"width:100%;height:600px\" aria-label=\"Incrustado de SIEE 2026 web.\"><\/object><a id=\"wp-block-file--media-012bd6dd-ac0d-4ba8-9e95-4ac26edd9c15\" href=\"https:\/\/ieboyacapereira.edu.co\/wp-content\/uploads\/2026\/03\/SIEE-2026-web_compressed.pdf\">SIEE 2026 web<\/a><a href=\"https:\/\/ieboyacapereira.edu.co\/wp-content\/uploads\/2026\/03\/SIEE-2026-web_compressed.pdf\" class=\"wp-block-file__button wp-element-button\" download aria-describedby=\"wp-block-file--media-012bd6dd-ac0d-4ba8-9e95-4ac26edd9c15\">Descarga<\/a><\/div>\n","protected":false},"excerpt":{"rendered":"<p>Luego de la evaluaci\u00f3n institucional y talleres de trabajo con Docentes y estudiantes para resignificar el PEI durante el a\u00f1o 2024, se realizaron ajustes al SIEE en el a\u00f1o 2025 y contamos con una versi\u00f3n ajustada y corregida para el a\u00f1o 2026. SIEE 2026 &#8211; DESCARGAR<\/p>\n","protected":false},"author":1,"featured_media":0,"parent":0,"menu_order":0,"comment_status":"closed","ping_status":"closed","template":"","meta":{"footnotes":""},"class_list":["post-319","page","type-page","status-publish","hentry"],"_links":{"self":[{"href":"https:\/\/ieboyacapereira.edu.co\/index.php\/wp-json\/wp\/v2\/pages\/319","targetHints":{"allow":["GET"]}}],"collection":[{"href":"https:\/\/ieboyacapereira.edu.co\/index.php\/wp-json\/wp\/v2\/pages"}],"about":[{"href":"https:\/\/ieboyacapereira.edu.co\/index.php\/wp-json\/wp\/v2\/types\/page"}],"author":[{"embeddable":true,"href":"https:\/\/ieboyacapereira.edu.co\/index.php\/wp-json\/wp\/v2\/users\/1"}],"replies":[{"embeddable":true,"href":"https:\/\/ieboyacapereira.edu.co\/index.php\/wp-json\/wp\/v2\/comments?post=319"}],"version-history":[{"count":21,"href":"https:\/\/ieboyacapereira.edu.co\/index.php\/wp-json\/wp\/v2\/pages\/319\/revisions"}],"predecessor-version":[{"id":1917,"href":"https:\/\/ieboyacapereira.edu.co\/index.php\/wp-json\/wp\/v2\/pages\/319\/revisions\/1917"}],"wp:attachment":[{"href":"https:\/\/ieboyacapereira.edu.co\/index.php\/wp-json\/wp\/v2\/media?parent=319"}],"curies":[{"name":"wp","href":"https:\/\/api.w.org\/{rel}","templated":true}]}}