{"id":46,"date":"2021-01-22T17:07:47","date_gmt":"2021-01-22T17:07:47","guid":{"rendered":"http:\/\/ieboyacapereira.edu.co\/?page_id=46"},"modified":"2025-02-18T00:37:35","modified_gmt":"2025-02-18T00:37:35","slug":"coordinacion-convivencia","status":"publish","type":"page","link":"https:\/\/ieboyacapereira.edu.co\/index.php\/coordinacion-convivencia\/","title":{"rendered":"COORDINACI\u00d3N CONVIVENCIA"},"content":{"rendered":"\n<h2 class=\"wp-block-heading\">Ruta de Atenci\u00f3n Integral para la Convivencia Escolar<\/h2>\n\n\n\n<p>Video del Ministerio de Educaci\u00f3n Nacional<\/p>\n\n\n\n<figure class=\"wp-block-embed is-type-video is-provider-youtube wp-block-embed-youtube wp-embed-aspect-16-9 wp-has-aspect-ratio\"><div class=\"wp-block-embed__wrapper\">\n<iframe loading=\"lazy\" title=\"V\u00eddeo animado de la Ruta de Atenci\u00f3n Integral para la Convivencia Escolar\" width=\"860\" height=\"484\" src=\"https:\/\/www.youtube.com\/embed\/t3EVggzr3Dk?feature=oembed\" frameborder=\"0\" allow=\"accelerometer; autoplay; clipboard-write; encrypted-media; gyroscope; picture-in-picture; web-share\" referrerpolicy=\"strict-origin-when-cross-origin\" allowfullscreen><\/iframe>\n<\/div><\/figure>\n\n\n\n<div style=\"height:100px\" aria-hidden=\"true\" class=\"wp-block-spacer\"><\/div>\n\n\n\n<h2 class=\"wp-block-heading\">Comit\u00e9 Escolar de Convivencia<\/h2>\n\n\n\n<p>Video creado por la Secretar\u00eda de Educaci\u00f3n de Medell\u00edn.<\/p>\n\n\n\n<figure class=\"wp-block-video\"><video controls src=\"ABC Comit\u00e9 Escolar de Convivencia. Escuela Entorno Protector, Secretar\u00eda de Educaci\u00f3n de Medell\u00edn.\"><\/video><\/figure>\n\n\n\n<div style=\"height:100px\" aria-hidden=\"true\" class=\"wp-block-spacer\"><\/div>\n\n\n\n<div class=\"wp-block-group\"><div class=\"wp-block-group__inner-container is-layout-flow wp-block-group-is-layout-flow\">\n<hr class=\"wp-block-separator has-css-opacity\"\/>\n<\/div><\/div>\n\n\n\n<hr class=\"wp-block-separator has-css-opacity\"\/>\n\n\n\n<div class=\"wp-block-buttons is-layout-flex wp-block-buttons-is-layout-flex\">\n\n<\/div>\n","protected":false},"excerpt":{"rendered":"<p>Ruta de Atenci\u00f3n Integral para la Convivencia Escolar Video del Ministerio de Educaci\u00f3n Nacional Comit\u00e9 Escolar de Convivencia Video creado por la Secretar\u00eda de Educaci\u00f3n de Medell\u00edn.<\/p>\n","protected":false},"author":1,"featured_media":0,"parent":0,"menu_order":0,"comment_status":"closed","ping_status":"closed","template":"","meta":{"footnotes":""},"class_list":["post-46","page","type-page","status-publish","hentry"],"_links":{"self":[{"href":"https:\/\/ieboyacapereira.edu.co\/index.php\/wp-json\/wp\/v2\/pages\/46","targetHints":{"allow":["GET"]}}],"collection":[{"href":"https:\/\/ieboyacapereira.edu.co\/index.php\/wp-json\/wp\/v2\/pages"}],"about":[{"href":"https:\/\/ieboyacapereira.edu.co\/index.php\/wp-json\/wp\/v2\/types\/page"}],"author":[{"embeddable":true,"href":"https:\/\/ieboyacapereira.edu.co\/index.php\/wp-json\/wp\/v2\/users\/1"}],"replies":[{"embeddable":true,"href":"https:\/\/ieboyacapereira.edu.co\/index.php\/wp-json\/wp\/v2\/comments?post=46"}],"version-history":[{"count":18,"href":"https:\/\/ieboyacapereira.edu.co\/index.php\/wp-json\/wp\/v2\/pages\/46\/revisions"}],"predecessor-version":[{"id":1608,"href":"https:\/\/ieboyacapereira.edu.co\/index.php\/wp-json\/wp\/v2\/pages\/46\/revisions\/1608"}],"wp:attachment":[{"href":"https:\/\/ieboyacapereira.edu.co\/index.php\/wp-json\/wp\/v2\/media?parent=46"}],"curies":[{"name":"wp","href":"https:\/\/api.w.org\/{rel}","templated":true}]}}